{"id":12569,"date":"2025-02-11T17:35:00","date_gmt":"2025-02-11T15:35:00","guid":{"rendered":"https:\/\/ks.iul-nasu.org.ua\/?page_id=12569"},"modified":"2025-02-11T17:42:18","modified_gmt":"2025-02-11T15:42:18","slug":"pragmatyka-i-semantyka-klishe-v-suchasnij-ukrayinskij-movi","status":"publish","type":"page","link":"https:\/\/ks.iul-nasu.org.ua\/en\/vypusky-zhurnalu\/2024-2\/zbirnyk-kultura-slova-100-2024\/pragmatyka-i-semantyka-klishe-v-suchasnij-ukrayinskij-movi.html","title":{"rendered":"PRAGMATICS AND SEMANTICS OF CLICH\u00c9S IN THE MODERN UKRAINIAN LANGUAGE"},"content":{"rendered":"&nbsp;<\/p>\n<p><strong>Zinaida KOZYRIEVA,<\/strong><br \/>\nCandidate of Philological Sciences, Senior Researcher of the Department of Lexicology, Lexicography and Structural-mathematical Linguistics,<br \/>\nInstitute of the Ukrainian Language of the National Academy of Sciences of Ukraine;<br \/>\n4, Mykhaila Hrushevskoho St., Kyiv, 01001, Ukraine;<br \/>\ne-mail: zinaidakozyreva@hotmail.com<br \/>\nORCID: https:\/\/orcid.org\/0000-0002-6880-3067<\/p>\n<p><strong>Heading:<\/strong> LANGUAGE STANDARDS: CONSTANT AND CHANGING<br \/>\n<strong>Language:<\/strong> Ukrainian<\/p>\n<p><strong>Abstract<\/strong><br \/>\nBroad understanding of clich\u00e9s in modern studies leads to the lack of clear formulation of the semantic and syntactic typology of such linguistic formations. The very concept of \u201cthe clich\u00e9\u201d needs to be clarified and separated from related formations \u2013 phraseological units, clich\u00e9s, catchphrases, quotations, exclamations, etc. There is also a lack of thorough research into the semantic and lexical-grammatical properties of clich\u00e9s. The issue of importance and reasonability of using clich\u00e9d units, many of which still require lexicographic description, remains controversial. The aims of this work are to determine the linguistic status of language clich\u00e9s, to identify their essential characteristics as linguistic units and as manifests of communication processes, to develop reliable criteria for distinguishing clich\u00e9d expressions from similar formations (phraseological units, proverbs, sayings, terms, interjections, etc.), to outline the main semantic and syntactic types of such stable units, to describe the main models of clich\u00e9 formation, to raise a number of issues related to the practice of modeling language clich\u00e9s in lexicography, to study the ways of their transformation based on multi-genre sources of the Ukrainian language for the purposes of creating the Dictionary of the active type of the modern Ukrainian literary language \u2013 the latest modern lexicographic source of the lexical and phraseological repertoire of the Ukrainian language in the early XXI century, which is currently being created by scientists of the Department of Lexicology, Lexicography and Structural-Mathematical Linguistics of the Institute for Ukrainian Language of the National Academy of Sciences of Ukraine.<br \/>\n<strong>Key words:<\/strong> language clich\u00e9s, types and models of language clich\u00e9s, clich\u00e9 modeling in the modern explanatory dictionary.<\/p>\n<p><strong>REFERENCES<\/strong><br \/>\nBaran, Ya.A. (1998). Phraseology in the language system: autoref. thesis &#8230; Dr. Philol. of Science. Kyiv (in Ukr.).<br \/>\nSavchyn, T. (2018). Cliches in the Ukrainian language. <em>Scientific notes of TNPU. Series: Linguistics, 1(29),<\/em> 66\u201370 (in Ukr.).<br \/>\nSelivanova, O.O. (2006). Modern linguistics: a terminological encyclopedia. Poltava: Environment-K. (in Ukr.).<br \/>\nSelivanova, O.O. (2008). Modern linguistics: directions and problems: Textbook. Poltava: Environment-K. (in Ukr.).<br \/>\nSharmanova, N.M. (2011). Linguistic clich\u00e9 in the context of functional and stylistic differentiation of language. <em>Structure and semantics of language units. Philological studies: Scientific Bulletin of Kryvyi Rih State Pedagogical University, 6(2),<\/em> 119\u2013129. https:\/\/doi.org\/10.31812\/filstd.v6i2.742 (in Ukr.).<br \/>\nSharmanova, N.M. (2012). Clich\u00e9 in the Ukrainian telespace: pragmatic and metacommunicative manifestations. <em>Movoznavstvo, 5,<\/em> 81\u201386 (in Ukr.).<br \/>\nSolohub, N.M. (2007). Cliche. <em>Ukrainian language. Encyclopedia.<\/em> V.M. Rusanivskyi, O.O. Taranenko, M.P. Ziabliuk and others (Eds.). Kyiv: \u201cUkrainska entsyklopediia\u201d im. M.P. Bazhana (in Ukr.).<br \/>\nUzhchenko, V.D., Uzhchenko, D.V. (2005). Phraseology of the modern Ukrainian language: A guide for students of philological faculties of higher educational institutions. Luhansk: Alma Mater (in Ukr.).<\/p>\n<p><strong>LEGEND<\/strong><br \/>\n\u0421\u041c\u0422\u041e\u0423 \u2013 Dictionary of the language of creative personalities of Ukraine of the second half of the 20th \u2013 beginning of the 21st century. Ye.A. Karpilovska and Z.H. Kozyrieva; L.I. Didun and Yu.O. Tsyhvintseva (Eds.). Kyiv: Institute of the Ukrainian Language of the National Academy of Sciences of Ukraine, 2022. URL: https:\/\/drive.google.com\/file\/d\/1klVhz0Ogn2KNsi_wVzQs1kXdnwRY-_uf\/view<br \/>\n\u0421\u0423\u041c \u2013 Dictionary of the Ukrainian language: \u0456n 11 vol. (1970\u20131980). Kyiv: Naukova dumka.","protected":false},"excerpt":{"rendered":"<p>&nbsp; Zinaida KOZYRIEVA, Candidate of Philological Sciences, Senior Researcher of the Department of Lexicology, Lexicography and Structural-mathematical Linguistics, Institute of the Ukrainian Language of the National Academy of Sciences of Ukraine; 4, Mykhaila Hrushevskoho St., Kyiv, 01001, Ukraine; e-mail: zinaidakozyreva@hotmail.com ORCID: https:\/\/orcid.org\/0000-0002-6880-3067 Heading: LANGUAGE STANDARDS: CONSTANT AND CHANGING Language: Ukrainian Abstract Broad understanding of clich\u00e9s [&hellip;]<\/p>\n","protected":false},"author":4,"featured_media":0,"parent":12348,"menu_order":15,"comment_status":"closed","ping_status":"closed","template":"page-doi.php","meta":{"footnotes":""},"class_list":["post-12569","page","type-page","status-publish","hentry"],"_links":{"self":[{"href":"https:\/\/ks.iul-nasu.org.ua\/en\/wp-json\/wp\/v2\/pages\/12569","targetHints":{"allow":["GET"]}}],"collection":[{"href":"https:\/\/ks.iul-nasu.org.ua\/en\/wp-json\/wp\/v2\/pages"}],"about":[{"href":"https:\/\/ks.iul-nasu.org.ua\/en\/wp-json\/wp\/v2\/types\/page"}],"author":[{"embeddable":true,"href":"https:\/\/ks.iul-nasu.org.ua\/en\/wp-json\/wp\/v2\/users\/4"}],"replies":[{"embeddable":true,"href":"https:\/\/ks.iul-nasu.org.ua\/en\/wp-json\/wp\/v2\/comments?post=12569"}],"version-history":[{"count":3,"href":"https:\/\/ks.iul-nasu.org.ua\/en\/wp-json\/wp\/v2\/pages\/12569\/revisions"}],"predecessor-version":[{"id":12574,"href":"https:\/\/ks.iul-nasu.org.ua\/en\/wp-json\/wp\/v2\/pages\/12569\/revisions\/12574"}],"up":[{"embeddable":true,"href":"https:\/\/ks.iul-nasu.org.ua\/en\/wp-json\/wp\/v2\/pages\/12348"}],"wp:attachment":[{"href":"https:\/\/ks.iul-nasu.org.ua\/en\/wp-json\/wp\/v2\/media?parent=12569"}],"curies":[{"name":"wp","href":"https:\/\/api.w.org\/{rel}","templated":true}]}}